{"id":35824,"date":"2020-06-06T19:26:12","date_gmt":"2020-06-06T19:26:12","guid":{"rendered":"https:\/\/www.paratiapartments.pt\/wp_parati\/?page_id=35824"},"modified":"2025-06-30T15:14:36","modified_gmt":"2025-06-30T15:14:36","slug":"about-us","status":"publish","type":"page","link":"https:\/\/www.paratiapartments.pt\/wp_parati\/about-us\/","title":{"rendered":"About Us"},"content":{"rendered":"\t\t<div data-elementor-type=\"wp-page\" data-elementor-id=\"35824\" class=\"elementor elementor-35824\">\n\t\t\t\t\t\t<section class=\"elementor-section elementor-top-section elementor-element elementor-element-7619a12b elementor-section-boxed elementor-section-height-default elementor-section-height-default\" data-id=\"7619a12b\" data-element_type=\"section\">\n\t\t\t\t\t\t<div class=\"elementor-container elementor-column-gap-default\">\n\t\t\t\t\t<div class=\"elementor-column elementor-col-100 elementor-top-column elementor-element elementor-element-1ea25bb8\" data-id=\"1ea25bb8\" data-element_type=\"column\">\n\t\t\t<div class=\"elementor-widget-wrap elementor-element-populated\">\n\t\t\t\t\t\t<div class=\"elementor-element elementor-element-21d1c92b elementor-widget elementor-widget-text-editor\" data-id=\"21d1c92b\" data-element_type=\"widget\" data-widget_type=\"text-editor.default\">\n\t\t\t\t<div class=\"elementor-widget-container\">\n\t\t\t\t\t\t\t\t\t<p>[vc_row][vc_column][vc_column_text]<\/p><h2><strong>ABOUT US<\/strong><\/h2><p><strong>Parati Apartments<\/strong>, was created to provide\u00a0exclusive apartments, with first class linen and design.\u00a0 We are located at heart center of Ericeira walking distance from\u00a0every thing\u00a0you need in this fisherman&#8217;s village.\u00a0 Parati in Portuguese means &#8220;for\u00a0you&#8221;, so choose your apartment and feel like a local in Ericeira.<\/p><p><b><u>Ilha Grande Ltd:<\/u><\/b>\u00a0 was founded in 2017, with a DNA from someone that has traveled the world in exclusive Hotels in different cultures around the world.\u00a0 Our objetive\u00a0is to provide to our clients\u00a0a pleasant stay, on our well located apartments in Ericeira.\u00a0 \u00a0We offer comfort and high cleaning standards.<\/p><div class=\"gmail_default\"><strong>NIF:<\/strong> 514 614 064\u00a0( Num de Id Fiscal = CNPJ\u00a0)<\/div><p>\u00a0<\/p><div class=\"gmail_default\"><strong>Apartments\u00a0Address :<\/strong> R. do Norte 45, apt H , Ericeira,\u00a0 Portugal , 2655-321<\/div><div>\u00a0<\/div><div>\u00a0<\/div><div>\u00a0<\/div><div class=\"gmail_default\"><b><u>Company Address<\/u><\/b>\u00a0: Av Saboia 488 , 6 esq , Monte Estoril , Portugal 2765 &#8211; 277<\/div><div>\u00a0<\/div><div>\u00a0<\/div><div>\u00a0<\/div><div><div class=\"gmail_default\"><strong>Phone :\u00a0<\/strong>+\u00a0351 910 549 903<\/div><\/div><div>\u00a0<\/div><div>\u00a0<\/div><div>\u00a0<\/div><div><b><u>Directions BY CAR Parati Apartments:<\/u><\/b>\u00a0 \u00a0If you are on the A8 , either from\u00a0 Lisbon or Leiria, exit to A21 direction Mafra \/ Ericeira . At the roundabout just past Ericeira toll, take the 4th exit towards center\u00a0of the town direction. Entering Ericeira turn right to Parque de Campismo\u00a0 \/ S. Sebasti\u00e3o \/ Ribeira D\u00b4Ilhas . Parati Apartments, when you get to Marcado S\u00e3o Sebasti\u00e3o,\u00a0 is at your left from the main road going down into the Historic Village and towards Praia do Norte.<\/div><div>\u00a0<\/div><div>\u00a0<\/div><div>\u00a0<\/div><div class=\"gmail_default\">\u00a0<\/div><div><div class=\"gmail_default\"><b><u>BY BUS<\/u><\/b>\u00a0.\u00a0 \u00a0Arriving at Ericeira Terminal Turn right out of the bus station walk\u00a0down the road for 1 minute\u00a0 until you reach a small road going down to the Historic Village .\u00a0 Keep going down untill\u00a0you reach R. do Norte and look for number 45 .\u00a0 Parati Apartments .<\/div><\/div><div>\u00a0<\/div><div><p><strong>INTERA\u00c7\u00c3O COM HOSPEDES\u00a0 \/\u00a0 Availability from Host<\/strong><\/p><p>We are available during commercial hours (9-18:00 ) through sms, wahtsapp and email.\u00a0 House keeping service is available upon adicional price (20\u20ac\/hour) from 3pm to 6 pm and should be booked one day before.<\/p><p>\u00a0<\/p><p><strong>HORARIO CHECKIN E CHECKOUT<\/strong><\/p><p>Checkin: After 4pm<\/p><p>Checkout: Until 11am<\/p><\/div><p>\u00a0<\/p><div><p><strong>ENCARGOS EXTRAS \/ Extra Fees<\/strong><\/p><p>Taxa de Limpeza \/ Cleaning fee<\/p><p>Housekeeping<\/p><p>Hospedes extras \/ extra guests<\/p><\/div><p>\u00a0<\/p><div><p><b>DESCONTOS POR DURA\u00c7\u00c3O DE ESTADIA<\/b><\/p><p>Semanal \u2013 10% \/ Week \u2013 10%<\/p><p>Mensal \u2013 20% \/ Month \u2013 20%<\/p><p>\u00a0<\/p><p><strong>POLITICA DE CANCELAMENTO \u2013\/\u00a0 Cancelation Policy<\/strong><\/p><p>\u00a0<\/p><p><strong>Strict Non Reimbursable \/ R\u00edgida ou Nao-reembols\u00e1vel<\/strong><\/p><\/div><p>\u00a0<\/p><div><div id=\"m_-5397834832142619415AppleMailSignature\" dir=\"ltr\">We reserve the right to cancel any reservation made through this website in the event of an obvious technical error, unavailability, or any other situation that makes it impossible to guarantee the stay under the advertised conditions.<\/div><div dir=\"ltr\">\u00a0<\/div><\/div><div><div id=\"m_-5397834832142619415AppleMailSignature\" dir=\"ltr\">In the event of a cancellation initiated by the accommodation provider, a full refund of the amount paid will be issued to the guest, with no additional penalties or fees.<\/div><\/div><div dir=\"ltr\">\u00a0<\/div><div><div id=\"m_-5397834832142619415AppleMailSignature\" dir=\"ltr\">Whenever possible, cancellations will be communicated as far in advance as possible, and, if applicable, alternative accommodation of the same or higher category will be offered.<\/div><\/div><div dir=\"ltr\">\u00a0<\/div><div><div id=\"m_-5397834832142619415AppleMailSignature\" dir=\"ltr\">This clause does not affect the consumer\u2019s legal rights as provided for under applicable law.<\/div><\/div><div dir=\"ltr\">\u00a0<\/div><div dir=\"ltr\">\u00a0<\/div><div>Reservamo-nos o direito de cancelar qualquer reserva realizada atrav\u00e9s deste website em caso de ocorr\u00eancia de erro t\u00e9cnico evidente, problema de disponibilidade, ou qualquer outra situa\u00e7\u00e3o que torne imposs\u00edvel garantir a estadia nas condi\u00e7\u00f5es anunciadas. Em caso de cancelamento por parte do alojamento, ser\u00e1 efetuada a devolu\u00e7\u00e3o integral do valor pago pelo h\u00f3spede, sem qualquer penaliza\u00e7\u00e3o adicional para o cliente. Sempre que poss\u00edvel, o cancelamento ser\u00e1 comunicado com a maior anteced\u00eancia poss\u00edvel e ser\u00e3o apresentados, se aplic\u00e1vel, alojamentos alternativos da mesma categoria ou superior. Est\u00e1 cl\u00e1usula n\u00e3o afeta os direitos legais do consumidor previstos na legisla\u00e7\u00e3o em vigor.<\/div><div>\u00a0<\/div><div><p>Reservations are non-refundable 20 days before arrival day. In case you cancel your reservation with more than 20 days in advance you will have a 50% reimbursement.<\/p><ul><li>Cancelamento gratuito por 48 horas ap\u00f3s a reserva, <strong>desde que o h\u00f3spede cancele pelo menos 14 dias antes do check-in<\/strong> (hor\u00e1rio mostrado no email de confirma\u00e7\u00e3o) \/ Free cancellation until 48 hours after reservation, if it is cancelled until 14 days from arrival.<\/li><\/ul><p>\u00a0<\/p><\/div><p><strong>HOUSE\u00a0 KEEPING\u00a0 HOURS<\/strong> <strong>(Additional &#8211; $ 20 \/ Hour)<\/strong><\/p><p>Between from 15:00 \u201318:00.\u00a0 Should book one day before.<\/p><p>\u00a0<\/p><p><strong>Regras \/\u00a0 House Rules :<\/strong><\/p><p>Accepts children : yes<\/p><p>Adequate for babies: yes<\/p><p>No animals permitted<\/p><p>Smoking NOT allowed<\/p><p>Parties NOT allowed<\/p><p>Maximum people in the apartment: \u00a04 people <strong>( Recording Cameras on the entrance of the Building ) <\/strong><\/p><p>\u00a0<\/p><p><strong>Regras adicionais \/ Additional House Rules :<\/strong><\/p><p>Quiet Hours after 10pm. Parties are not allowed.<\/p><p>Checkin after 3pm &#8211; checkout until 11am<\/p><p>The apartment accommodates a maximum of people that booked, <strong>and it\u00b4s not permitted to exceed this number <\/strong><\/p><p>House Keeping can be booked on the day before for an additional price of 20\u20ac\/hour. Its available from 3 to 6 pm.<\/p><p>If you broke anything, let us know so we can repair it. Additional fee may be charged depending on the item<\/p><p>Act in accordance to the building\u2019s rules and norms<\/p><p>In case any of the rules above is not respected, a fine may be applied.<\/p><p>\u00a0<\/p><p><strong>OUTRAS INFORMA\u00c7\u00d5ES \/ Other Information<\/strong><\/p><p>\u00a0<\/p><p><strong>IMPORTANT INFORMATION:<\/strong> to improve your safety, additional care with CLEANING due to the Covid-19 is carried out in the apartment (valid until August 2020):<\/p><p>&#8211; no previous guests or cleaners in the apartment 24h prior to your arrival<\/p><p>&#8211; We carry out cleaning and disinfection of main surfaces with an appropriate product (tables, handles, switches, etc.)<\/p><p>&#8211; Personal Protective material (masks and gloves) is used when cleaning the apartment<\/p><p>&#8211; The professional responsible for the cleaning wash hands before and after cleaning<\/p><p>&#8211; Sheets and towels are washed at higher temperatures and ironed after washing<\/p><p>&#8211; Soaps and paper towels are available for guests<\/p><p>\u00a0<\/p><p>Super well-located apartment in the heart of the charming historic center of the Ericeira Villa. The apartment has a beautiful varanda with an amazing view of the North Beach and the Ericeira villa. Building and the apartments renewed and furnished in 2020. This cosy and beautifully decorated apartment has high standards of hygiene and is special in every detail. Ericeira beaches and restaurants at your feet, so you can feel like a local in Ericeira! The nearest beach is located 2 minutes walking, as well as several others. Super well located, with 1 min walking bakery, 5 min walking pharmacy, supermarket and bus station. You can walk to all the centre villa restaurants and stores. Our personal experience from traveling worldwide and hosting can provide you a great experience. Housekeeping is available upon demand.[\/vc_column_text][\/vc_column][\/vc_row][vc_row][vc_column][vc_images_carousel images=&#8221;35826,35827,35828,35829,35830,35831,35832,35833,35834,35835&#8243; img_size=&#8221;full&#8221; autoplay=&#8221;yes&#8221; wrap=&#8221;yes&#8221; title=&#8221;Parati Apartments&#8221;][\/vc_column][\/vc_row][vc_row][vc_column][vc_column_text]<\/p><h3 style=\"text-align: center;\">Our Apartments<\/h3><p style=\"text-align: center;\">Exclusive apartments, with first class linen and design<\/p><p>[\/vc_column_text][\/vc_column][\/vc_row][vc_row][vc_column][vc_images_carousel images=&#8221;35837,35838,35839,35840,35841,35842&#8243; img_size=&#8221;full&#8221; slides_per_view=&#8221;2&#8243; autoplay=&#8221;yes&#8221; wrap=&#8221;yes&#8221; title=&#8221;A Parati Courtyards &#8211; All super new, clean and carefully decorated. Two rooms and two bathrooms (being 1 suite), a beautiful living room with integrated kitchen and a sunny courtyard. Equipped with new sheets (for single or couples), towels and kitchen appliances. Cable TV available in the living room, blackout curtains available in all rooms and wifi connection available. Beds size are size 90 x 200.&#8221;][\/vc_column][\/vc_row][vc_row][vc_column][vc_images_carousel images=&#8221;35843,35844,35845,35846,35847,35848,35849,35850,35851,35852,35853&#8243; img_size=&#8221;full&#8221; slides_per_view=&#8221;2&#8243; autoplay=&#8221;yes&#8221; wrap=&#8221;yes&#8221; title=&#8221;D Parati Villa III &#8211; All super new, clean, luminous and carefully decorated. Two rooms and two bathrooms (being 1 suite), a beautiful living room with integrated kitchen. Equipped with new sheets (for single or couples), towels and kitchen appliances. Cable TV available in the living room, blackout curtains available in all rooms and wifi connection available. Beds size are size 90 x 200.&#8221;][\/vc_column][\/vc_row][vc_row][vc_column][vc_images_carousel images=&#8221;35854,35855,35856,35857,35858,35859,35860&#8243; img_size=&#8221;full&#8221; slides_per_view=&#8221;2&#8243; autoplay=&#8221;yes&#8221; wrap=&#8221;yes&#8221; title=&#8221;E Parati Villa IV &#8211; All super new, clean, luminous and carefully decorated. Two rooms and one bathroom, a beautiful living room with integrated kitchen. Equipped with new sheets (for single or couples), towels and kitchen appliances. Cable TV available in the living room, blackout curtains available in all rooms and wifi connection available. Beds size are size 90 x 200.&#8221;][\/vc_column][\/vc_row][vc_row][vc_column][vc_images_carousel images=&#8221;35861,35862,35863,35864,35865,35866,35867,35868&#8243; img_size=&#8221;full&#8221; slides_per_view=&#8221;2&#8243; autoplay=&#8221;yes&#8221; wrap=&#8221;yes&#8221; title=&#8221;F Parati Sea View I &#8211; All super new, clean, luminous and carefully decorated. One room and one bathroom, a beautiful living room with integrated kitchen and a beautiful view of the beach from all rooms. Equipped with new sheets (for single or couples), towels and kitchen appliances. Cable TV available in the living room, blackout curtains available in all rooms and wifi connection available. Beds size are size 90 x 200.&#8221;][\/vc_column][\/vc_row][vc_row][vc_column][vc_images_carousel images=&#8221;35869,35870,35871,35872,35873&#8243; img_size=&#8221;full&#8221; slides_per_view=&#8221;2&#8243; autoplay=&#8221;yes&#8221; wrap=&#8221;yes&#8221; title=&#8221;G Parati Sea View II &#8211; All super new, clean, luminous and carefully decorated. One small room and big living room with integrated kitchen, one bathroom and two varandas. The first facing North beach of the villa. The second facing R. do Norte . So you have morning and afternoon sun . . Equipped with new sheets (for single or couples), towels and kitchen appliances. Cable TV available in the living room, blackout curtains available in all rooms and living room, wifi connection available. Two single beds in the room (90&#215;200) and one sofa-bed (160 x 200) in the living room.&#8221;][\/vc_column][\/vc_row][vc_row][vc_column][vc_images_carousel images=&#8221;35874,35875,35876,35878,35879,35880,35881,35882,35883,35884,35885,35886,35887,35889,35890,35891,35892,35893,35894,35895,35896,35897&#8243; img_size=&#8221;full&#8221; slides_per_view=&#8221;2&#8243; autoplay=&#8221;yes&#8221; wrap=&#8221;yes&#8221; title=&#8221;H Parati Beach Terrace &#8211; New, clean, luminous and carefully decorated is offered in this apartent. Two rooms and two bathrooms (1 suite), a beautiful living room with integrated kitchen and a beautiful terrace surrounding the apartment with an amazing view of the beach and of the villa. Equipped with new sheets (for single or couples), towels and kitchen appliances. Cable TV available in the living room, blackout curtains available in all rooms and wifi connection available.&#8221;][\/vc_column][\/vc_row][vc_row][vc_column][\/vc_column][\/vc_row]<\/p>\t\t\t\t\t\t\t\t<\/div>\n\t\t\t\t<\/div>\n\t\t\t\t\t<\/div>\n\t\t<\/div>\n\t\t\t\t\t<\/div>\n\t\t<\/section>\n\t\t\t\t<\/div>\n\t\t","protected":false},"excerpt":{"rendered":"<p>[vc_row][vc_column][vc_column_text] ABOUT US Parati Apartments, was created to provide\u00a0exclusive apartments, with first class linen and design.\u00a0 We are located at heart center of Ericeira walking distance from\u00a0every thing\u00a0you need in this fisherman&#8217;s village.\u00a0 Parati in Portuguese means &#8220;for\u00a0you&#8221;, so choose your apartment and feel like a local in Ericeira. Ilha Grande Ltd:\u00a0 was founded in &#8230;<\/p>\n","protected":false},"author":1,"featured_media":0,"parent":0,"menu_order":0,"comment_status":"closed","ping_status":"closed","template":"elementor_header_footer","meta":{"_monsterinsights_skip_tracking":false,"_monsterinsights_sitenote_active":false,"_monsterinsights_sitenote_note":"","_monsterinsights_sitenote_category":0,"footnotes":""},"class_list":["post-35824","page","type-page","status-publish","hentry"],"yoast_head":"<!-- This site is optimized with the Yoast SEO plugin v25.3.1 - https:\/\/yoast.com\/wordpress\/plugins\/seo\/ -->\n<title>About Us - Parati Apartments<\/title>\n<meta name=\"robots\" content=\"index, follow, max-snippet:-1, max-image-preview:large, max-video-preview:-1\" \/>\n<link rel=\"canonical\" href=\"https:\/\/www.paratiapartments.pt\/wp_parati\/about-us\/\" \/>\n<meta property=\"og:locale\" content=\"en_US\" \/>\n<meta property=\"og:type\" content=\"article\" \/>\n<meta property=\"og:title\" content=\"About Us - Parati Apartments\" \/>\n<meta property=\"og:description\" content=\"[vc_row][vc_column][vc_column_text] ABOUT US Parati Apartments, was created to provide\u00a0exclusive apartments, with first class linen and design.\u00a0 We are located at heart center of Ericeira walking distance from\u00a0every thing\u00a0you need in this fisherman&#8217;s village.\u00a0 Parati in Portuguese means &#8220;for\u00a0you&#8221;, so choose your apartment and feel like a local in Ericeira. Ilha Grande Ltd:\u00a0 was founded in ...\" \/>\n<meta property=\"og:url\" content=\"https:\/\/www.paratiapartments.pt\/wp_parati\/about-us\/\" \/>\n<meta property=\"og:site_name\" content=\"Parati Apartments\" \/>\n<meta property=\"article:modified_time\" content=\"2025-06-30T15:14:36+00:00\" \/>\n<meta name=\"twitter:card\" content=\"summary_large_image\" \/>\n<meta name=\"twitter:label1\" content=\"Est. reading time\" \/>\n\t<meta name=\"twitter:data1\" content=\"7 minutes\" \/>\n<script type=\"application\/ld+json\" class=\"yoast-schema-graph\">{\"@context\":\"https:\/\/schema.org\",\"@graph\":[{\"@type\":\"WebPage\",\"@id\":\"https:\/\/www.paratiapartments.pt\/wp_parati\/about-us\/\",\"url\":\"https:\/\/www.paratiapartments.pt\/wp_parati\/about-us\/\",\"name\":\"About Us - Parati Apartments\",\"isPartOf\":{\"@id\":\"https:\/\/www.paratiapartments.pt\/wp_parati\/#website\"},\"datePublished\":\"2020-06-06T19:26:12+00:00\",\"dateModified\":\"2025-06-30T15:14:36+00:00\",\"breadcrumb\":{\"@id\":\"https:\/\/www.paratiapartments.pt\/wp_parati\/about-us\/#breadcrumb\"},\"inLanguage\":\"en-US\",\"potentialAction\":[{\"@type\":\"ReadAction\",\"target\":[\"https:\/\/www.paratiapartments.pt\/wp_parati\/about-us\/\"]}]},{\"@type\":\"BreadcrumbList\",\"@id\":\"https:\/\/www.paratiapartments.pt\/wp_parati\/about-us\/#breadcrumb\",\"itemListElement\":[{\"@type\":\"ListItem\",\"position\":1,\"name\":\"In\u00edcio\",\"item\":\"https:\/\/www.paratiapartments.pt\/wp_parati\/\"},{\"@type\":\"ListItem\",\"position\":2,\"name\":\"About Us\"}]},{\"@type\":\"WebSite\",\"@id\":\"https:\/\/www.paratiapartments.pt\/wp_parati\/#website\",\"url\":\"https:\/\/www.paratiapartments.pt\/wp_parati\/\",\"name\":\"Parati Apartments\",\"description\":\"Ericeira, Portugal - Rental Properties\",\"publisher\":{\"@id\":\"https:\/\/www.paratiapartments.pt\/wp_parati\/#organization\"},\"potentialAction\":[{\"@type\":\"SearchAction\",\"target\":{\"@type\":\"EntryPoint\",\"urlTemplate\":\"https:\/\/www.paratiapartments.pt\/wp_parati\/?s={search_term_string}\"},\"query-input\":{\"@type\":\"PropertyValueSpecification\",\"valueRequired\":true,\"valueName\":\"search_term_string\"}}],\"inLanguage\":\"en-US\"},{\"@type\":\"Organization\",\"@id\":\"https:\/\/www.paratiapartments.pt\/wp_parati\/#organization\",\"name\":\"Parati Apartments\",\"url\":\"https:\/\/www.paratiapartments.pt\/wp_parati\/\",\"logo\":{\"@type\":\"ImageObject\",\"inLanguage\":\"en-US\",\"@id\":\"https:\/\/www.paratiapartments.pt\/wp_parati\/#\/schema\/logo\/image\/\",\"url\":\"https:\/\/www.paratiapartments.pt\/wp_parati\/wp-content\/uploads\/2020\/05\/logo-mar-azul-imoveis-alta.png\",\"contentUrl\":\"https:\/\/www.paratiapartments.pt\/wp_parati\/wp-content\/uploads\/2020\/05\/logo-mar-azul-imoveis-alta.png\",\"width\":1162,\"height\":1162,\"caption\":\"Parati Apartments\"},\"image\":{\"@id\":\"https:\/\/www.paratiapartments.pt\/wp_parati\/#\/schema\/logo\/image\/\"}}]}<\/script>\n<!-- \/ Yoast SEO plugin. -->","yoast_head_json":{"title":"About Us - Parati Apartments","robots":{"index":"index","follow":"follow","max-snippet":"max-snippet:-1","max-image-preview":"max-image-preview:large","max-video-preview":"max-video-preview:-1"},"canonical":"https:\/\/www.paratiapartments.pt\/wp_parati\/about-us\/","og_locale":"en_US","og_type":"article","og_title":"About Us - Parati Apartments","og_description":"[vc_row][vc_column][vc_column_text] ABOUT US Parati Apartments, was created to provide\u00a0exclusive apartments, with first class linen and design.\u00a0 We are located at heart center of Ericeira walking distance from\u00a0every thing\u00a0you need in this fisherman&#8217;s village.\u00a0 Parati in Portuguese means &#8220;for\u00a0you&#8221;, so choose your apartment and feel like a local in Ericeira. Ilha Grande Ltd:\u00a0 was founded in ...","og_url":"https:\/\/www.paratiapartments.pt\/wp_parati\/about-us\/","og_site_name":"Parati Apartments","article_modified_time":"2025-06-30T15:14:36+00:00","twitter_card":"summary_large_image","twitter_misc":{"Est. reading time":"7 minutes"},"schema":{"@context":"https:\/\/schema.org","@graph":[{"@type":"WebPage","@id":"https:\/\/www.paratiapartments.pt\/wp_parati\/about-us\/","url":"https:\/\/www.paratiapartments.pt\/wp_parati\/about-us\/","name":"About Us - Parati Apartments","isPartOf":{"@id":"https:\/\/www.paratiapartments.pt\/wp_parati\/#website"},"datePublished":"2020-06-06T19:26:12+00:00","dateModified":"2025-06-30T15:14:36+00:00","breadcrumb":{"@id":"https:\/\/www.paratiapartments.pt\/wp_parati\/about-us\/#breadcrumb"},"inLanguage":"en-US","potentialAction":[{"@type":"ReadAction","target":["https:\/\/www.paratiapartments.pt\/wp_parati\/about-us\/"]}]},{"@type":"BreadcrumbList","@id":"https:\/\/www.paratiapartments.pt\/wp_parati\/about-us\/#breadcrumb","itemListElement":[{"@type":"ListItem","position":1,"name":"In\u00edcio","item":"https:\/\/www.paratiapartments.pt\/wp_parati\/"},{"@type":"ListItem","position":2,"name":"About Us"}]},{"@type":"WebSite","@id":"https:\/\/www.paratiapartments.pt\/wp_parati\/#website","url":"https:\/\/www.paratiapartments.pt\/wp_parati\/","name":"Parati Apartments","description":"Ericeira, Portugal - Rental Properties","publisher":{"@id":"https:\/\/www.paratiapartments.pt\/wp_parati\/#organization"},"potentialAction":[{"@type":"SearchAction","target":{"@type":"EntryPoint","urlTemplate":"https:\/\/www.paratiapartments.pt\/wp_parati\/?s={search_term_string}"},"query-input":{"@type":"PropertyValueSpecification","valueRequired":true,"valueName":"search_term_string"}}],"inLanguage":"en-US"},{"@type":"Organization","@id":"https:\/\/www.paratiapartments.pt\/wp_parati\/#organization","name":"Parati Apartments","url":"https:\/\/www.paratiapartments.pt\/wp_parati\/","logo":{"@type":"ImageObject","inLanguage":"en-US","@id":"https:\/\/www.paratiapartments.pt\/wp_parati\/#\/schema\/logo\/image\/","url":"https:\/\/www.paratiapartments.pt\/wp_parati\/wp-content\/uploads\/2020\/05\/logo-mar-azul-imoveis-alta.png","contentUrl":"https:\/\/www.paratiapartments.pt\/wp_parati\/wp-content\/uploads\/2020\/05\/logo-mar-azul-imoveis-alta.png","width":1162,"height":1162,"caption":"Parati Apartments"},"image":{"@id":"https:\/\/www.paratiapartments.pt\/wp_parati\/#\/schema\/logo\/image\/"}}]}},"_links":{"self":[{"href":"https:\/\/www.paratiapartments.pt\/wp_parati\/wp-json\/wp\/v2\/pages\/35824","targetHints":{"allow":["GET"]}}],"collection":[{"href":"https:\/\/www.paratiapartments.pt\/wp_parati\/wp-json\/wp\/v2\/pages"}],"about":[{"href":"https:\/\/www.paratiapartments.pt\/wp_parati\/wp-json\/wp\/v2\/types\/page"}],"author":[{"embeddable":true,"href":"https:\/\/www.paratiapartments.pt\/wp_parati\/wp-json\/wp\/v2\/users\/1"}],"replies":[{"embeddable":true,"href":"https:\/\/www.paratiapartments.pt\/wp_parati\/wp-json\/wp\/v2\/comments?post=35824"}],"version-history":[{"count":18,"href":"https:\/\/www.paratiapartments.pt\/wp_parati\/wp-json\/wp\/v2\/pages\/35824\/revisions"}],"predecessor-version":[{"id":38468,"href":"https:\/\/www.paratiapartments.pt\/wp_parati\/wp-json\/wp\/v2\/pages\/35824\/revisions\/38468"}],"wp:attachment":[{"href":"https:\/\/www.paratiapartments.pt\/wp_parati\/wp-json\/wp\/v2\/media?parent=35824"}],"curies":[{"name":"wp","href":"https:\/\/api.w.org\/{rel}","templated":true}]}}