{"id":356,"date":"2015-04-23T12:57:21","date_gmt":"2015-04-23T12:57:21","guid":{"rendered":"http:\/\/demo1.wprentals.org\/?page_id=356"},"modified":"2020-06-06T19:22:59","modified_gmt":"2020-06-06T19:22:59","slug":"terms-and-conditions","status":"publish","type":"page","link":"https:\/\/www.paratiapartments.pt\/wp_parati\/terms-and-conditions\/","title":{"rendered":"Terms and Conditions"},"content":{"rendered":"<p><strong>POL\u00cdTICA DE CANCELAMENTO DE RESERVA<\/strong><\/p>\n<p>No ato da reserva o cliente declara estar ciente e de acordo com as Pol\u00edticas de Reservas, cancelamento e no-show.<\/p>\n<p><strong>POL\u00cdTICAS DE RESERVAS, ALTERA\u00c7\u00d5ES, CANCELAMENTOS E NO SHOW <\/strong><\/p>\n<p>Qualquer altera\u00e7\u00e3o de datas estar\u00e1 sujeita \u00e0 disponibilidade e cobran\u00e7a de taxas conforme as condi\u00e7\u00f5es abaixo.<\/p>\n<p>A partir da confirma\u00e7\u00e3o do pagamento da reserva, a mesma estar\u00e1 confirmada. Havendo necessidade de altera\u00e7\u00e3o da data da reserva, o cliente dever\u00e1 comunicar por escrito (via e-mail ou contato do website).<\/p>\n<p>Aviso de cancelamento com mais de 30 dias de anteced\u00eancia do dia do check-in:\u00a0 h\u00e1 estorno de 100% do valor pago, incluindo a taxa de limpeza, ou deixamos 100% do valor pago para ser usado numa outra data dentro do prazo de 12 meses.<\/p>\n<p>Aviso de cancelamento com menos de 30 dias de anteced\u00eancia do dia do check-in: n\u00e3o h\u00e1 estorno do valor das di\u00e1rias, apenas da taxa de limpeza.<\/p>\n<p>Em caso de no-show <em>(n\u00e3o comparecimento no dia da chegada)<\/em>, n\u00e3o haver\u00e1 reembolso do valor pago, em nenhuma hip\u00f3tese. No-show \u00e9 uma desist\u00eancia sem cancelamento, isto \u00e9, quando o h\u00f3spede n\u00e3o comparece ao hotel\/apartamento na data de entrada reservada. O apartamento estar\u00e1 dispon\u00edvel para o h\u00f3spede at\u00e9 suprir o valor depositado em n\u00famero de di\u00e1rias inteiras (se houver sobra esta ser\u00e1 retida pelo hotel como forma de indeniza\u00e7\u00e3o), ap\u00f3s este per\u00edodo a reserva ser\u00e1 cancelada.<\/p>\n<p>O saldo de pagamento das di\u00e1rias extras ser\u00e3o cobradas no ato da reserva\/solicita\u00e7\u00e3o.<\/p>\n<p>Havendo desist\u00eancia parcial dos dias contratados e estando o cliente dentro do apartamento, n\u00e3o ser\u00e1 devolvida qualquer diferen\u00e7a do valor previamente pago, seja em dinheiro ou cr\u00e9dito para hospedagem.<\/p>\n","protected":false},"excerpt":{"rendered":"<p>POL\u00cdTICA DE CANCELAMENTO DE RESERVA No ato da reserva o cliente declara estar ciente e de acordo com as Pol\u00edticas de Reservas, cancelamento e no-show. POL\u00cdTICAS DE RESERVAS, ALTERA\u00c7\u00d5ES, CANCELAMENTOS E NO SHOW Qualquer altera\u00e7\u00e3o de datas estar\u00e1 sujeita \u00e0 disponibilidade e cobran\u00e7a de taxas conforme as condi\u00e7\u00f5es abaixo. A partir da confirma\u00e7\u00e3o do pagamento &#8230;<\/p>\n","protected":false},"author":1,"featured_media":0,"parent":0,"menu_order":0,"comment_status":"closed","ping_status":"closed","template":"terms_conditions.php","meta":{"_monsterinsights_skip_tracking":false,"_monsterinsights_sitenote_active":false,"_monsterinsights_sitenote_note":"","_monsterinsights_sitenote_category":0,"footnotes":""},"class_list":["post-356","page","type-page","status-publish","hentry"],"yoast_head":"<!-- This site is optimized with the Yoast SEO plugin v25.3.1 - https:\/\/yoast.com\/wordpress\/plugins\/seo\/ -->\n<title>Terms and Conditions - Parati Apartments<\/title>\n<meta name=\"robots\" content=\"index, follow, max-snippet:-1, max-image-preview:large, max-video-preview:-1\" \/>\n<link rel=\"canonical\" href=\"https:\/\/www.paratiapartments.pt\/wp_parati\/terms-and-conditions\/\" \/>\n<meta property=\"og:locale\" content=\"en_US\" \/>\n<meta property=\"og:type\" content=\"article\" \/>\n<meta property=\"og:title\" content=\"Terms and Conditions - Parati Apartments\" \/>\n<meta property=\"og:description\" content=\"POL\u00cdTICA DE CANCELAMENTO DE RESERVA No ato da reserva o cliente declara estar ciente e de acordo com as Pol\u00edticas de Reservas, cancelamento e no-show. POL\u00cdTICAS DE RESERVAS, ALTERA\u00c7\u00d5ES, CANCELAMENTOS E NO SHOW Qualquer altera\u00e7\u00e3o de datas estar\u00e1 sujeita \u00e0 disponibilidade e cobran\u00e7a de taxas conforme as condi\u00e7\u00f5es abaixo. A partir da confirma\u00e7\u00e3o do pagamento ...\" \/>\n<meta property=\"og:url\" content=\"https:\/\/www.paratiapartments.pt\/wp_parati\/terms-and-conditions\/\" \/>\n<meta property=\"og:site_name\" content=\"Parati Apartments\" \/>\n<meta property=\"article:modified_time\" content=\"2020-06-06T19:22:59+00:00\" \/>\n<meta name=\"twitter:card\" content=\"summary_large_image\" \/>\n<meta name=\"twitter:label1\" content=\"Est. reading time\" \/>\n\t<meta name=\"twitter:data1\" content=\"1 minute\" \/>\n<script type=\"application\/ld+json\" class=\"yoast-schema-graph\">{\"@context\":\"https:\/\/schema.org\",\"@graph\":[{\"@type\":\"WebPage\",\"@id\":\"https:\/\/www.paratiapartments.pt\/wp_parati\/terms-and-conditions\/\",\"url\":\"https:\/\/www.paratiapartments.pt\/wp_parati\/terms-and-conditions\/\",\"name\":\"Terms and Conditions - Parati Apartments\",\"isPartOf\":{\"@id\":\"https:\/\/www.paratiapartments.pt\/wp_parati\/#website\"},\"datePublished\":\"2015-04-23T12:57:21+00:00\",\"dateModified\":\"2020-06-06T19:22:59+00:00\",\"breadcrumb\":{\"@id\":\"https:\/\/www.paratiapartments.pt\/wp_parati\/terms-and-conditions\/#breadcrumb\"},\"inLanguage\":\"en-US\",\"potentialAction\":[{\"@type\":\"ReadAction\",\"target\":[\"https:\/\/www.paratiapartments.pt\/wp_parati\/terms-and-conditions\/\"]}]},{\"@type\":\"BreadcrumbList\",\"@id\":\"https:\/\/www.paratiapartments.pt\/wp_parati\/terms-and-conditions\/#breadcrumb\",\"itemListElement\":[{\"@type\":\"ListItem\",\"position\":1,\"name\":\"In\u00edcio\",\"item\":\"https:\/\/www.paratiapartments.pt\/wp_parati\/\"},{\"@type\":\"ListItem\",\"position\":2,\"name\":\"Terms and Conditions\"}]},{\"@type\":\"WebSite\",\"@id\":\"https:\/\/www.paratiapartments.pt\/wp_parati\/#website\",\"url\":\"https:\/\/www.paratiapartments.pt\/wp_parati\/\",\"name\":\"Parati Apartments\",\"description\":\"Ericeira, Portugal - Rental Properties\",\"publisher\":{\"@id\":\"https:\/\/www.paratiapartments.pt\/wp_parati\/#organization\"},\"potentialAction\":[{\"@type\":\"SearchAction\",\"target\":{\"@type\":\"EntryPoint\",\"urlTemplate\":\"https:\/\/www.paratiapartments.pt\/wp_parati\/?s={search_term_string}\"},\"query-input\":{\"@type\":\"PropertyValueSpecification\",\"valueRequired\":true,\"valueName\":\"search_term_string\"}}],\"inLanguage\":\"en-US\"},{\"@type\":\"Organization\",\"@id\":\"https:\/\/www.paratiapartments.pt\/wp_parati\/#organization\",\"name\":\"Parati Apartments\",\"url\":\"https:\/\/www.paratiapartments.pt\/wp_parati\/\",\"logo\":{\"@type\":\"ImageObject\",\"inLanguage\":\"en-US\",\"@id\":\"https:\/\/www.paratiapartments.pt\/wp_parati\/#\/schema\/logo\/image\/\",\"url\":\"https:\/\/www.paratiapartments.pt\/wp_parati\/wp-content\/uploads\/2020\/05\/logo-mar-azul-imoveis-alta.png\",\"contentUrl\":\"https:\/\/www.paratiapartments.pt\/wp_parati\/wp-content\/uploads\/2020\/05\/logo-mar-azul-imoveis-alta.png\",\"width\":1162,\"height\":1162,\"caption\":\"Parati Apartments\"},\"image\":{\"@id\":\"https:\/\/www.paratiapartments.pt\/wp_parati\/#\/schema\/logo\/image\/\"}}]}<\/script>\n<!-- \/ Yoast SEO plugin. -->","yoast_head_json":{"title":"Terms and Conditions - Parati Apartments","robots":{"index":"index","follow":"follow","max-snippet":"max-snippet:-1","max-image-preview":"max-image-preview:large","max-video-preview":"max-video-preview:-1"},"canonical":"https:\/\/www.paratiapartments.pt\/wp_parati\/terms-and-conditions\/","og_locale":"en_US","og_type":"article","og_title":"Terms and Conditions - Parati Apartments","og_description":"POL\u00cdTICA DE CANCELAMENTO DE RESERVA No ato da reserva o cliente declara estar ciente e de acordo com as Pol\u00edticas de Reservas, cancelamento e no-show. POL\u00cdTICAS DE RESERVAS, ALTERA\u00c7\u00d5ES, CANCELAMENTOS E NO SHOW Qualquer altera\u00e7\u00e3o de datas estar\u00e1 sujeita \u00e0 disponibilidade e cobran\u00e7a de taxas conforme as condi\u00e7\u00f5es abaixo. A partir da confirma\u00e7\u00e3o do pagamento ...","og_url":"https:\/\/www.paratiapartments.pt\/wp_parati\/terms-and-conditions\/","og_site_name":"Parati Apartments","article_modified_time":"2020-06-06T19:22:59+00:00","twitter_card":"summary_large_image","twitter_misc":{"Est. reading time":"1 minute"},"schema":{"@context":"https:\/\/schema.org","@graph":[{"@type":"WebPage","@id":"https:\/\/www.paratiapartments.pt\/wp_parati\/terms-and-conditions\/","url":"https:\/\/www.paratiapartments.pt\/wp_parati\/terms-and-conditions\/","name":"Terms and Conditions - Parati Apartments","isPartOf":{"@id":"https:\/\/www.paratiapartments.pt\/wp_parati\/#website"},"datePublished":"2015-04-23T12:57:21+00:00","dateModified":"2020-06-06T19:22:59+00:00","breadcrumb":{"@id":"https:\/\/www.paratiapartments.pt\/wp_parati\/terms-and-conditions\/#breadcrumb"},"inLanguage":"en-US","potentialAction":[{"@type":"ReadAction","target":["https:\/\/www.paratiapartments.pt\/wp_parati\/terms-and-conditions\/"]}]},{"@type":"BreadcrumbList","@id":"https:\/\/www.paratiapartments.pt\/wp_parati\/terms-and-conditions\/#breadcrumb","itemListElement":[{"@type":"ListItem","position":1,"name":"In\u00edcio","item":"https:\/\/www.paratiapartments.pt\/wp_parati\/"},{"@type":"ListItem","position":2,"name":"Terms and Conditions"}]},{"@type":"WebSite","@id":"https:\/\/www.paratiapartments.pt\/wp_parati\/#website","url":"https:\/\/www.paratiapartments.pt\/wp_parati\/","name":"Parati Apartments","description":"Ericeira, Portugal - Rental Properties","publisher":{"@id":"https:\/\/www.paratiapartments.pt\/wp_parati\/#organization"},"potentialAction":[{"@type":"SearchAction","target":{"@type":"EntryPoint","urlTemplate":"https:\/\/www.paratiapartments.pt\/wp_parati\/?s={search_term_string}"},"query-input":{"@type":"PropertyValueSpecification","valueRequired":true,"valueName":"search_term_string"}}],"inLanguage":"en-US"},{"@type":"Organization","@id":"https:\/\/www.paratiapartments.pt\/wp_parati\/#organization","name":"Parati Apartments","url":"https:\/\/www.paratiapartments.pt\/wp_parati\/","logo":{"@type":"ImageObject","inLanguage":"en-US","@id":"https:\/\/www.paratiapartments.pt\/wp_parati\/#\/schema\/logo\/image\/","url":"https:\/\/www.paratiapartments.pt\/wp_parati\/wp-content\/uploads\/2020\/05\/logo-mar-azul-imoveis-alta.png","contentUrl":"https:\/\/www.paratiapartments.pt\/wp_parati\/wp-content\/uploads\/2020\/05\/logo-mar-azul-imoveis-alta.png","width":1162,"height":1162,"caption":"Parati Apartments"},"image":{"@id":"https:\/\/www.paratiapartments.pt\/wp_parati\/#\/schema\/logo\/image\/"}}]}},"_links":{"self":[{"href":"https:\/\/www.paratiapartments.pt\/wp_parati\/wp-json\/wp\/v2\/pages\/356","targetHints":{"allow":["GET"]}}],"collection":[{"href":"https:\/\/www.paratiapartments.pt\/wp_parati\/wp-json\/wp\/v2\/pages"}],"about":[{"href":"https:\/\/www.paratiapartments.pt\/wp_parati\/wp-json\/wp\/v2\/types\/page"}],"author":[{"embeddable":true,"href":"https:\/\/www.paratiapartments.pt\/wp_parati\/wp-json\/wp\/v2\/users\/1"}],"replies":[{"embeddable":true,"href":"https:\/\/www.paratiapartments.pt\/wp_parati\/wp-json\/wp\/v2\/comments?post=356"}],"version-history":[{"count":2,"href":"https:\/\/www.paratiapartments.pt\/wp_parati\/wp-json\/wp\/v2\/pages\/356\/revisions"}],"predecessor-version":[{"id":35823,"href":"https:\/\/www.paratiapartments.pt\/wp_parati\/wp-json\/wp\/v2\/pages\/356\/revisions\/35823"}],"wp:attachment":[{"href":"https:\/\/www.paratiapartments.pt\/wp_parati\/wp-json\/wp\/v2\/media?parent=356"}],"curies":[{"name":"wp","href":"https:\/\/api.w.org\/{rel}","templated":true}]}}